{"id":163,"date":"2016-07-19T11:03:03","date_gmt":"2016-07-19T11:03:03","guid":{"rendered":"http:\/\/www.ybyrapytanga.com.br\/loja\/request-quote\/"},"modified":"2016-07-19T11:03:03","modified_gmt":"2016-07-19T11:03:03","slug":"request-quote-2","status":"publish","type":"page","link":"https:\/\/ybyrapytanga.com.br\/index.php\/request-quote-2\/","title":{"rendered":"Minha Cota\u00e7\u00e3o"},"content":{"rendered":"<p>[yith_ywraq_request_quote]<\/p>\n<p>Pagamento a vista atrav\u00e9s de dep\u00f3sito:<br \/>\n<strong>Dados Banc\u00e1rios:<\/strong><br \/>\n<strong>Ita\u00fa &#8211; (341) AG: 1282 &#8211; C\/C 01400-8<\/strong><br \/>\n<strong>Bradesco: (237) AG 1206-8 &#8211; C\/C 2361-4<br \/>\n<\/strong>Aceitamos Cart\u00f5es CIELO MOBILE &#8211; CONSULTE CONDI\u00c7\u00d5ES<\/p>\n<p>&#8211; Frete\u00a0n\u00e3o incluso. Sob Consulta enviar dados completos para o calculo do frete.<br \/>\n&#8211;<strong>DADOS para emiss\u00e3o da NFE \/ DANFE<\/strong><br \/>\n<strong>-Pessoa F\u00edsica:<\/strong> Nome, CPF, RG, Endere\u00e7o completo, CEP, TEL e E-mail<br \/>\n<strong>-Pessoa Jur\u00eddica:<\/strong> Firma, CNPJ, I.E, Endere\u00e7o completo, CEP, TEL e E-mail<\/p>\n","protected":false},"excerpt":{"rendered":"<p>[yith_ywraq_request_quote] Pagamento a vista atrav\u00e9s de dep\u00f3sito: Dados Banc\u00e1rios: Ita\u00fa &#8211; (341) AG: 1282 &#8211; C\/C 01400-8 Bradesco: (237) AG 1206-8 &#8211; C\/C 2361-4 Aceitamos Cart\u00f5es CIELO MOBILE &#8211; CONSULTE CONDI\u00c7\u00d5ES &#8211; Frete\u00a0n\u00e3o incluso. Sob Consulta enviar dados completos para o calculo do frete. &#8211;DADOS para emiss\u00e3o da NFE \/ DANFE -Pessoa F\u00edsica: Nome, CPF, RG, Endere\u00e7o completo, CEP, TEL e E-mail -Pessoa Jur\u00eddica: Firma, CNPJ, I.E, Endere\u00e7o completo, CEP, TEL e E-mail<\/p>\n","protected":false},"author":2,"featured_media":0,"parent":0,"menu_order":0,"comment_status":"closed","ping_status":"closed","template":"","meta":{"site-sidebar-layout":"default","site-content-layout":"","ast-site-content-layout":"default","site-content-style":"default","site-sidebar-style":"default","ast-global-header-display":"","ast-banner-title-visibility":"","ast-main-header-display":"","ast-hfb-above-header-display":"","ast-hfb-below-header-display":"","ast-hfb-mobile-header-display":"","site-post-title":"","ast-breadcrumbs-content":"","ast-featured-img":"","footer-sml-layout":"","ast-disable-related-posts":"","theme-transparent-header-meta":"","adv-header-id-meta":"","stick-header-meta":"","header-above-stick-meta":"","header-main-stick-meta":"","header-below-stick-meta":"","astra-migrate-meta-layouts":"default","ast-page-background-enabled":"default","ast-page-background-meta":{"desktop":{"background-color":"var(--ast-global-color-4)","background-image":"","background-repeat":"repeat","background-position":"center center","background-size":"auto","background-attachment":"scroll","background-type":"","background-media":"","overlay-type":"","overlay-color":"","overlay-opacity":"","overlay-gradient":""},"tablet":{"background-color":"","background-image":"","background-repeat":"repeat","background-position":"center center","background-size":"auto","background-attachment":"scroll","background-type":"","background-media":"","overlay-type":"","overlay-color":"","overlay-opacity":"","overlay-gradient":""},"mobile":{"background-color":"","background-image":"","background-repeat":"repeat","background-position":"center center","background-size":"auto","background-attachment":"scroll","background-type":"","background-media":"","overlay-type":"","overlay-color":"","overlay-opacity":"","overlay-gradient":""}},"ast-content-background-meta":{"desktop":{"background-color":"var(--ast-global-color-5)","background-image":"","background-repeat":"repeat","background-position":"center center","background-size":"auto","background-attachment":"scroll","background-type":"","background-media":"","overlay-type":"","overlay-color":"","overlay-opacity":"","overlay-gradient":""},"tablet":{"background-color":"var(--ast-global-color-5)","background-image":"","background-repeat":"repeat","background-position":"center center","background-size":"auto","background-attachment":"scroll","background-type":"","background-media":"","overlay-type":"","overlay-color":"","overlay-opacity":"","overlay-gradient":""},"mobile":{"background-color":"var(--ast-global-color-5)","background-image":"","background-repeat":"repeat","background-position":"center center","background-size":"auto","background-attachment":"scroll","background-type":"","background-media":"","overlay-type":"","overlay-color":"","overlay-opacity":"","overlay-gradient":""}},"footnotes":""},"class_list":["post-163","page","type-page","status-publish","hentry"],"yoast_head":"<!-- This site is optimized with the Yoast SEO plugin v27.5 - https:\/\/yoast.com\/product\/yoast-seo-wordpress\/ -->\n<title>Minha Cota\u00e7\u00e3o - Ybyrapytanga<\/title>\n<meta name=\"robots\" content=\"index, follow, max-snippet:-1, max-image-preview:large, max-video-preview:-1\" \/>\n<link rel=\"canonical\" href=\"https:\/\/ybyrapytanga.com.br\/index.php\/request-quote-2\/\" \/>\n<meta property=\"og:locale\" content=\"pt_BR\" \/>\n<meta property=\"og:type\" content=\"article\" \/>\n<meta property=\"og:title\" content=\"Minha Cota\u00e7\u00e3o - Ybyrapytanga\" \/>\n<meta property=\"og:description\" content=\"[yith_ywraq_request_quote] Pagamento a vista atrav\u00e9s de dep\u00f3sito: Dados Banc\u00e1rios: Ita\u00fa &#8211; (341) AG: 1282 &#8211; C\/C 01400-8 Bradesco: (237) AG 1206-8 &#8211; C\/C 2361-4 Aceitamos Cart\u00f5es CIELO MOBILE &#8211; CONSULTE CONDI\u00c7\u00d5ES &#8211; Frete\u00a0n\u00e3o incluso. Sob Consulta enviar dados completos para o calculo do frete. &#8211;DADOS para emiss\u00e3o da NFE \/ DANFE -Pessoa F\u00edsica: Nome, CPF, RG, Endere\u00e7o completo, CEP, TEL e E-mail -Pessoa Jur\u00eddica: Firma, CNPJ, I.E, Endere\u00e7o completo, CEP, TEL e E-mail\" \/>\n<meta property=\"og:url\" content=\"https:\/\/ybyrapytanga.com.br\/index.php\/request-quote-2\/\" \/>\n<meta property=\"og:site_name\" content=\"Ybyrapytanga\" \/>\n<meta name=\"twitter:card\" content=\"summary_large_image\" \/>\n<script type=\"application\/ld+json\" class=\"yoast-schema-graph\">{\"@context\":\"https:\\\/\\\/schema.org\",\"@graph\":[{\"@type\":\"WebPage\",\"@id\":\"https:\\\/\\\/ybyrapytanga.com.br\\\/index.php\\\/request-quote-2\\\/\",\"url\":\"https:\\\/\\\/ybyrapytanga.com.br\\\/index.php\\\/request-quote-2\\\/\",\"name\":\"Minha Cota\u00e7\u00e3o - Ybyrapytanga\",\"isPartOf\":{\"@id\":\"https:\\\/\\\/ybyrapytanga.com.br\\\/#website\"},\"datePublished\":\"2016-07-19T11:03:03+00:00\",\"breadcrumb\":{\"@id\":\"https:\\\/\\\/ybyrapytanga.com.br\\\/index.php\\\/request-quote-2\\\/#breadcrumb\"},\"inLanguage\":\"pt-BR\",\"potentialAction\":[{\"@type\":\"ReadAction\",\"target\":[\"https:\\\/\\\/ybyrapytanga.com.br\\\/index.php\\\/request-quote-2\\\/\"]}]},{\"@type\":\"BreadcrumbList\",\"@id\":\"https:\\\/\\\/ybyrapytanga.com.br\\\/index.php\\\/request-quote-2\\\/#breadcrumb\",\"itemListElement\":[{\"@type\":\"ListItem\",\"position\":1,\"name\":\"In\u00edcio\",\"item\":\"https:\\\/\\\/ybyrapytanga.com.br\\\/\"},{\"@type\":\"ListItem\",\"position\":2,\"name\":\"Minha Cota\u00e7\u00e3o\"}]},{\"@type\":\"WebSite\",\"@id\":\"https:\\\/\\\/ybyrapytanga.com.br\\\/#website\",\"url\":\"https:\\\/\\\/ybyrapytanga.com.br\\\/\",\"name\":\"Ybyrapytanga\",\"description\":\"\",\"potentialAction\":[{\"@type\":\"SearchAction\",\"target\":{\"@type\":\"EntryPoint\",\"urlTemplate\":\"https:\\\/\\\/ybyrapytanga.com.br\\\/?s={search_term_string}\"},\"query-input\":{\"@type\":\"PropertyValueSpecification\",\"valueRequired\":true,\"valueName\":\"search_term_string\"}}],\"inLanguage\":\"pt-BR\"}]}<\/script>\n<!-- \/ Yoast SEO plugin. -->","yoast_head_json":{"title":"Minha Cota\u00e7\u00e3o - Ybyrapytanga","robots":{"index":"index","follow":"follow","max-snippet":"max-snippet:-1","max-image-preview":"max-image-preview:large","max-video-preview":"max-video-preview:-1"},"canonical":"https:\/\/ybyrapytanga.com.br\/index.php\/request-quote-2\/","og_locale":"pt_BR","og_type":"article","og_title":"Minha Cota\u00e7\u00e3o - Ybyrapytanga","og_description":"[yith_ywraq_request_quote] Pagamento a vista atrav\u00e9s de dep\u00f3sito: Dados Banc\u00e1rios: Ita\u00fa &#8211; (341) AG: 1282 &#8211; C\/C 01400-8 Bradesco: (237) AG 1206-8 &#8211; C\/C 2361-4 Aceitamos Cart\u00f5es CIELO MOBILE &#8211; CONSULTE CONDI\u00c7\u00d5ES &#8211; Frete\u00a0n\u00e3o incluso. Sob Consulta enviar dados completos para o calculo do frete. &#8211;DADOS para emiss\u00e3o da NFE \/ DANFE -Pessoa F\u00edsica: Nome, CPF, RG, Endere\u00e7o completo, CEP, TEL e E-mail -Pessoa Jur\u00eddica: Firma, CNPJ, I.E, Endere\u00e7o completo, CEP, TEL e E-mail","og_url":"https:\/\/ybyrapytanga.com.br\/index.php\/request-quote-2\/","og_site_name":"Ybyrapytanga","twitter_card":"summary_large_image","schema":{"@context":"https:\/\/schema.org","@graph":[{"@type":"WebPage","@id":"https:\/\/ybyrapytanga.com.br\/index.php\/request-quote-2\/","url":"https:\/\/ybyrapytanga.com.br\/index.php\/request-quote-2\/","name":"Minha Cota\u00e7\u00e3o - Ybyrapytanga","isPartOf":{"@id":"https:\/\/ybyrapytanga.com.br\/#website"},"datePublished":"2016-07-19T11:03:03+00:00","breadcrumb":{"@id":"https:\/\/ybyrapytanga.com.br\/index.php\/request-quote-2\/#breadcrumb"},"inLanguage":"pt-BR","potentialAction":[{"@type":"ReadAction","target":["https:\/\/ybyrapytanga.com.br\/index.php\/request-quote-2\/"]}]},{"@type":"BreadcrumbList","@id":"https:\/\/ybyrapytanga.com.br\/index.php\/request-quote-2\/#breadcrumb","itemListElement":[{"@type":"ListItem","position":1,"name":"In\u00edcio","item":"https:\/\/ybyrapytanga.com.br\/"},{"@type":"ListItem","position":2,"name":"Minha Cota\u00e7\u00e3o"}]},{"@type":"WebSite","@id":"https:\/\/ybyrapytanga.com.br\/#website","url":"https:\/\/ybyrapytanga.com.br\/","name":"Ybyrapytanga","description":"","potentialAction":[{"@type":"SearchAction","target":{"@type":"EntryPoint","urlTemplate":"https:\/\/ybyrapytanga.com.br\/?s={search_term_string}"},"query-input":{"@type":"PropertyValueSpecification","valueRequired":true,"valueName":"search_term_string"}}],"inLanguage":"pt-BR"}]}},"_links":{"self":[{"href":"https:\/\/ybyrapytanga.com.br\/index.php\/wp-json\/wp\/v2\/pages\/163","targetHints":{"allow":["GET"]}}],"collection":[{"href":"https:\/\/ybyrapytanga.com.br\/index.php\/wp-json\/wp\/v2\/pages"}],"about":[{"href":"https:\/\/ybyrapytanga.com.br\/index.php\/wp-json\/wp\/v2\/types\/page"}],"author":[{"embeddable":true,"href":"https:\/\/ybyrapytanga.com.br\/index.php\/wp-json\/wp\/v2\/users\/2"}],"replies":[{"embeddable":true,"href":"https:\/\/ybyrapytanga.com.br\/index.php\/wp-json\/wp\/v2\/comments?post=163"}],"version-history":[{"count":0,"href":"https:\/\/ybyrapytanga.com.br\/index.php\/wp-json\/wp\/v2\/pages\/163\/revisions"}],"wp:attachment":[{"href":"https:\/\/ybyrapytanga.com.br\/index.php\/wp-json\/wp\/v2\/media?parent=163"}],"curies":[{"name":"wp","href":"https:\/\/api.w.org\/{rel}","templated":true}]}}