{"id":35,"date":"2016-03-24T19:14:59","date_gmt":"2016-03-24T19:14:59","guid":{"rendered":"http:\/\/www.ybyrapytanga.com.br\/loja\/?page_id=35"},"modified":"2016-03-24T19:14:59","modified_gmt":"2016-03-24T19:14:59","slug":"produtos","status":"publish","type":"page","link":"https:\/\/ybyrapytanga.com.br\/index.php\/produtos\/","title":{"rendered":"Tabelas"},"content":{"rendered":"<p style=\"text-align: center;\">[productspage]<\/p>\n<p style=\"text-align: center;\">[table id=1 \/]<\/p>\n<p style=\"text-align: center;\">NOS CART\u00d5ES &#8211; CONSULTAR CONDI\u00c7\u00d5ES<br \/>\n<img decoding=\"async\" class=\"alignnone size-medium wp-image-94\" src=\"http:\/\/www.ybyrapytanga.com.br\/loja\/wp-content\/uploads\/2016\/03\/bandeiras-300x41.jpg\" alt=\"bandeiras\" width=\"300\" height=\"41\" \/><br \/>\nPARA COTA\u00c7\u00c3O \/ PEDIDO:<br \/>\nSELECIONE OS ITENS DESEJADOS NAS TABELAS, COPIE, ABRA O BOT\u00c3O PEDIDOS E COLE.<\/p>\n","protected":false},"excerpt":{"rendered":"<p>[productspage] [table id=1 \/] NOS CART\u00d5ES &#8211; CONSULTAR CONDI\u00c7\u00d5ES PARA COTA\u00c7\u00c3O \/ PEDIDO: SELECIONE OS ITENS DESEJADOS NAS TABELAS, COPIE, ABRA O BOT\u00c3O PEDIDOS E COLE.<\/p>\n","protected":false},"author":2,"featured_media":0,"parent":0,"menu_order":0,"comment_status":"closed","ping_status":"closed","template":"","meta":{"site-sidebar-layout":"default","site-content-layout":"","ast-site-content-layout":"default","site-content-style":"default","site-sidebar-style":"default","ast-global-header-display":"","ast-banner-title-visibility":"","ast-main-header-display":"","ast-hfb-above-header-display":"","ast-hfb-below-header-display":"","ast-hfb-mobile-header-display":"","site-post-title":"","ast-breadcrumbs-content":"","ast-featured-img":"","footer-sml-layout":"","ast-disable-related-posts":"","theme-transparent-header-meta":"","adv-header-id-meta":"","stick-header-meta":"","header-above-stick-meta":"","header-main-stick-meta":"","header-below-stick-meta":"","astra-migrate-meta-layouts":"default","ast-page-background-enabled":"default","ast-page-background-meta":{"desktop":{"background-color":"var(--ast-global-color-4)","background-image":"","background-repeat":"repeat","background-position":"center center","background-size":"auto","background-attachment":"scroll","background-type":"","background-media":"","overlay-type":"","overlay-color":"","overlay-opacity":"","overlay-gradient":""},"tablet":{"background-color":"","background-image":"","background-repeat":"repeat","background-position":"center center","background-size":"auto","background-attachment":"scroll","background-type":"","background-media":"","overlay-type":"","overlay-color":"","overlay-opacity":"","overlay-gradient":""},"mobile":{"background-color":"","background-image":"","background-repeat":"repeat","background-position":"center center","background-size":"auto","background-attachment":"scroll","background-type":"","background-media":"","overlay-type":"","overlay-color":"","overlay-opacity":"","overlay-gradient":""}},"ast-content-background-meta":{"desktop":{"background-color":"var(--ast-global-color-5)","background-image":"","background-repeat":"repeat","background-position":"center center","background-size":"auto","background-attachment":"scroll","background-type":"","background-media":"","overlay-type":"","overlay-color":"","overlay-opacity":"","overlay-gradient":""},"tablet":{"background-color":"var(--ast-global-color-5)","background-image":"","background-repeat":"repeat","background-position":"center center","background-size":"auto","background-attachment":"scroll","background-type":"","background-media":"","overlay-type":"","overlay-color":"","overlay-opacity":"","overlay-gradient":""},"mobile":{"background-color":"var(--ast-global-color-5)","background-image":"","background-repeat":"repeat","background-position":"center center","background-size":"auto","background-attachment":"scroll","background-type":"","background-media":"","overlay-type":"","overlay-color":"","overlay-opacity":"","overlay-gradient":""}},"footnotes":""},"class_list":["post-35","page","type-page","status-publish","hentry"],"yoast_head":"<!-- This site is optimized with the Yoast SEO plugin v27.5 - https:\/\/yoast.com\/product\/yoast-seo-wordpress\/ -->\n<title>Tabelas - Ybyrapytanga<\/title>\n<meta name=\"robots\" content=\"index, follow, max-snippet:-1, max-image-preview:large, max-video-preview:-1\" \/>\n<link rel=\"canonical\" href=\"https:\/\/ybyrapytanga.com.br\/index.php\/produtos\/\" \/>\n<meta property=\"og:locale\" content=\"pt_BR\" \/>\n<meta property=\"og:type\" content=\"article\" \/>\n<meta property=\"og:title\" content=\"Tabelas - Ybyrapytanga\" \/>\n<meta property=\"og:description\" content=\"[productspage] [table id=1 \/] NOS CART\u00d5ES &#8211; CONSULTAR CONDI\u00c7\u00d5ES PARA COTA\u00c7\u00c3O \/ PEDIDO: SELECIONE OS ITENS DESEJADOS NAS TABELAS, COPIE, ABRA O BOT\u00c3O PEDIDOS E COLE.\" \/>\n<meta property=\"og:url\" content=\"https:\/\/ybyrapytanga.com.br\/index.php\/produtos\/\" \/>\n<meta property=\"og:site_name\" content=\"Ybyrapytanga\" \/>\n<meta property=\"og:image\" content=\"http:\/\/www.ybyrapytanga.com.br\/loja\/wp-content\/uploads\/2016\/03\/bandeiras-300x41.jpg\" \/>\n<meta name=\"twitter:card\" content=\"summary_large_image\" \/>\n<script type=\"application\/ld+json\" class=\"yoast-schema-graph\">{\"@context\":\"https:\\\/\\\/schema.org\",\"@graph\":[{\"@type\":\"WebPage\",\"@id\":\"https:\\\/\\\/ybyrapytanga.com.br\\\/index.php\\\/produtos\\\/\",\"url\":\"https:\\\/\\\/ybyrapytanga.com.br\\\/index.php\\\/produtos\\\/\",\"name\":\"Tabelas - Ybyrapytanga\",\"isPartOf\":{\"@id\":\"https:\\\/\\\/ybyrapytanga.com.br\\\/#website\"},\"primaryImageOfPage\":{\"@id\":\"https:\\\/\\\/ybyrapytanga.com.br\\\/index.php\\\/produtos\\\/#primaryimage\"},\"image\":{\"@id\":\"https:\\\/\\\/ybyrapytanga.com.br\\\/index.php\\\/produtos\\\/#primaryimage\"},\"thumbnailUrl\":\"http:\\\/\\\/www.ybyrapytanga.com.br\\\/loja\\\/wp-content\\\/uploads\\\/2016\\\/03\\\/bandeiras-300x41.jpg\",\"datePublished\":\"2016-03-24T19:14:59+00:00\",\"breadcrumb\":{\"@id\":\"https:\\\/\\\/ybyrapytanga.com.br\\\/index.php\\\/produtos\\\/#breadcrumb\"},\"inLanguage\":\"pt-BR\",\"potentialAction\":[{\"@type\":\"ReadAction\",\"target\":[\"https:\\\/\\\/ybyrapytanga.com.br\\\/index.php\\\/produtos\\\/\"]}]},{\"@type\":\"ImageObject\",\"inLanguage\":\"pt-BR\",\"@id\":\"https:\\\/\\\/ybyrapytanga.com.br\\\/index.php\\\/produtos\\\/#primaryimage\",\"url\":\"http:\\\/\\\/www.ybyrapytanga.com.br\\\/loja\\\/wp-content\\\/uploads\\\/2016\\\/03\\\/bandeiras-300x41.jpg\",\"contentUrl\":\"http:\\\/\\\/www.ybyrapytanga.com.br\\\/loja\\\/wp-content\\\/uploads\\\/2016\\\/03\\\/bandeiras-300x41.jpg\"},{\"@type\":\"BreadcrumbList\",\"@id\":\"https:\\\/\\\/ybyrapytanga.com.br\\\/index.php\\\/produtos\\\/#breadcrumb\",\"itemListElement\":[{\"@type\":\"ListItem\",\"position\":1,\"name\":\"In\u00edcio\",\"item\":\"https:\\\/\\\/ybyrapytanga.com.br\\\/\"},{\"@type\":\"ListItem\",\"position\":2,\"name\":\"Tabelas\"}]},{\"@type\":\"WebSite\",\"@id\":\"https:\\\/\\\/ybyrapytanga.com.br\\\/#website\",\"url\":\"https:\\\/\\\/ybyrapytanga.com.br\\\/\",\"name\":\"Ybyrapytanga\",\"description\":\"\",\"potentialAction\":[{\"@type\":\"SearchAction\",\"target\":{\"@type\":\"EntryPoint\",\"urlTemplate\":\"https:\\\/\\\/ybyrapytanga.com.br\\\/?s={search_term_string}\"},\"query-input\":{\"@type\":\"PropertyValueSpecification\",\"valueRequired\":true,\"valueName\":\"search_term_string\"}}],\"inLanguage\":\"pt-BR\"}]}<\/script>\n<!-- \/ Yoast SEO plugin. -->","yoast_head_json":{"title":"Tabelas - Ybyrapytanga","robots":{"index":"index","follow":"follow","max-snippet":"max-snippet:-1","max-image-preview":"max-image-preview:large","max-video-preview":"max-video-preview:-1"},"canonical":"https:\/\/ybyrapytanga.com.br\/index.php\/produtos\/","og_locale":"pt_BR","og_type":"article","og_title":"Tabelas - Ybyrapytanga","og_description":"[productspage] [table id=1 \/] NOS CART\u00d5ES &#8211; CONSULTAR CONDI\u00c7\u00d5ES PARA COTA\u00c7\u00c3O \/ PEDIDO: SELECIONE OS ITENS DESEJADOS NAS TABELAS, COPIE, ABRA O BOT\u00c3O PEDIDOS E COLE.","og_url":"https:\/\/ybyrapytanga.com.br\/index.php\/produtos\/","og_site_name":"Ybyrapytanga","og_image":[{"url":"http:\/\/www.ybyrapytanga.com.br\/loja\/wp-content\/uploads\/2016\/03\/bandeiras-300x41.jpg","type":"","width":"","height":""}],"twitter_card":"summary_large_image","schema":{"@context":"https:\/\/schema.org","@graph":[{"@type":"WebPage","@id":"https:\/\/ybyrapytanga.com.br\/index.php\/produtos\/","url":"https:\/\/ybyrapytanga.com.br\/index.php\/produtos\/","name":"Tabelas - Ybyrapytanga","isPartOf":{"@id":"https:\/\/ybyrapytanga.com.br\/#website"},"primaryImageOfPage":{"@id":"https:\/\/ybyrapytanga.com.br\/index.php\/produtos\/#primaryimage"},"image":{"@id":"https:\/\/ybyrapytanga.com.br\/index.php\/produtos\/#primaryimage"},"thumbnailUrl":"http:\/\/www.ybyrapytanga.com.br\/loja\/wp-content\/uploads\/2016\/03\/bandeiras-300x41.jpg","datePublished":"2016-03-24T19:14:59+00:00","breadcrumb":{"@id":"https:\/\/ybyrapytanga.com.br\/index.php\/produtos\/#breadcrumb"},"inLanguage":"pt-BR","potentialAction":[{"@type":"ReadAction","target":["https:\/\/ybyrapytanga.com.br\/index.php\/produtos\/"]}]},{"@type":"ImageObject","inLanguage":"pt-BR","@id":"https:\/\/ybyrapytanga.com.br\/index.php\/produtos\/#primaryimage","url":"http:\/\/www.ybyrapytanga.com.br\/loja\/wp-content\/uploads\/2016\/03\/bandeiras-300x41.jpg","contentUrl":"http:\/\/www.ybyrapytanga.com.br\/loja\/wp-content\/uploads\/2016\/03\/bandeiras-300x41.jpg"},{"@type":"BreadcrumbList","@id":"https:\/\/ybyrapytanga.com.br\/index.php\/produtos\/#breadcrumb","itemListElement":[{"@type":"ListItem","position":1,"name":"In\u00edcio","item":"https:\/\/ybyrapytanga.com.br\/"},{"@type":"ListItem","position":2,"name":"Tabelas"}]},{"@type":"WebSite","@id":"https:\/\/ybyrapytanga.com.br\/#website","url":"https:\/\/ybyrapytanga.com.br\/","name":"Ybyrapytanga","description":"","potentialAction":[{"@type":"SearchAction","target":{"@type":"EntryPoint","urlTemplate":"https:\/\/ybyrapytanga.com.br\/?s={search_term_string}"},"query-input":{"@type":"PropertyValueSpecification","valueRequired":true,"valueName":"search_term_string"}}],"inLanguage":"pt-BR"}]}},"_links":{"self":[{"href":"https:\/\/ybyrapytanga.com.br\/index.php\/wp-json\/wp\/v2\/pages\/35","targetHints":{"allow":["GET"]}}],"collection":[{"href":"https:\/\/ybyrapytanga.com.br\/index.php\/wp-json\/wp\/v2\/pages"}],"about":[{"href":"https:\/\/ybyrapytanga.com.br\/index.php\/wp-json\/wp\/v2\/types\/page"}],"author":[{"embeddable":true,"href":"https:\/\/ybyrapytanga.com.br\/index.php\/wp-json\/wp\/v2\/users\/2"}],"replies":[{"embeddable":true,"href":"https:\/\/ybyrapytanga.com.br\/index.php\/wp-json\/wp\/v2\/comments?post=35"}],"version-history":[{"count":0,"href":"https:\/\/ybyrapytanga.com.br\/index.php\/wp-json\/wp\/v2\/pages\/35\/revisions"}],"wp:attachment":[{"href":"https:\/\/ybyrapytanga.com.br\/index.php\/wp-json\/wp\/v2\/media?parent=35"}],"curies":[{"name":"wp","href":"https:\/\/api.w.org\/{rel}","templated":true}]}}